{"id":13,"date":"2024-02-23T20:54:55","date_gmt":"2024-02-23T20:54:55","guid":{"rendered":"https:\/\/josegp.com\/?page_id=13"},"modified":"2025-11-28T13:45:39","modified_gmt":"2025-11-28T13:45:39","slug":"home","status":"publish","type":"page","link":"https:\/\/josegp.com\/","title":{"rendered":"Home"},"content":{"rendered":"<div>Que ofrecemos<\/div>\n<h1>Servicios especializados de dise\u00f1o web<\/h1>\n<div>Nos comprometemos por impulsar el \u00e9xito de su negocio. Nos esforzamos por construir una presencia digital impactante y funcional para cada empresa, adapt\u00e1ndonos a sus necesidades espec\u00edficas.<\/div>\n<p>\n    <a href=\"#\">Ver m\u00e1s<\/a>\n<\/p>\n<p><img decoding=\"async\" src=\"\/wp-content\/uploads\/2024\/02\/ainep-2.png\" alt=\"\"><\/p>\n<h2>Marcas que depositaron su confianza<\/h2>\n<ul>\n<li>\n<p>        <img decoding=\"async\" src=\"\/wp-content\/uploads\/2024\/02\/intec-1.png\" alt=\"\"><\/p>\n<h3>INTEC<\/h3>\n<p><a href=\"#\"><\/a><\/p>\n<\/li>\n<li>\n<p>        <img decoding=\"async\" src=\"\/wp-content\/uploads\/2024\/02\/ainep-2-2.png\" alt=\"\"><\/p>\n<h3>AINEP<\/h3>\n<p><a href=\"#\"><\/a><\/p>\n<\/li>\n<li>\n<p>        <img decoding=\"async\" src=\"\/wp-content\/uploads\/2024\/02\/jmm.png\" alt=\"\"><\/p>\n<h3>Show4yu<\/h3>\n<p><a href=\"#\"><\/a><\/p>\n<\/li>\n<li>\n<p>        <img decoding=\"async\" src=\"\/wp-content\/uploads\/2024\/02\/carrascoblade-1.png\" alt=\"\"><\/p>\n<h3>Carrasco Blade<\/h3>\n<p><a href=\"#\"><\/a><\/p>\n<\/li>\n<\/ul>\n<div>\n<h2>servicios adaptados para satisfacer sus necesidades espec\u00edficas<\/h2>\n<p>Productos &#038; Servicios<\/p>\n<div>\n<p>Permanecemos en constante actualizaci\u00f3n con el objetivo de proporcionar servicios de alta calidad, atenci\u00f3n personalizada y productos que no solo cumplan, sino que superen sus expectativas.<\/p>\n<\/div>\n<p><a href=\"#\">Ver detalle<\/a><\/p>\n<\/div>\n<ul>\n<li>\n<p>        <img decoding=\"async\" src=\"\/wp-content\/uploads\/2024\/02\/digital-services.svg\" alt=\"\"><\/p>\n<h3>Dise\u00f1o web<\/h3>\n<div>\u00a1Ofrecemos innovaci\u00f3n y creatividad en cada proyecto web, con el compromiso de impulsar tu visibilidad y \u00e9xito digital!<\/div>\n<\/li>\n<li>\n<p>        <img decoding=\"async\" src=\"\/wp-content\/uploads\/2024\/02\/communication.svg\" alt=\"\"><\/p>\n<h3>Dise\u00f1o Gr\u00e1fico<\/h3>\n<div>Contamos con la experiencia para crear dise\u00f1os innovadores que impulsen sus ventas. \u00a1Garantizamos experiencia y creatividad en cada proyecto!<\/div>\n<\/li>\n<li>\n<p>        <img decoding=\"async\" src=\"\/wp-content\/uploads\/2024\/02\/communication.svg\" alt=\"\"><\/p>\n<h3>Asesoria<\/h3>\n<div>Potenciamos tu presencia en l\u00ednea, con asesor\u00eda web personalizada. Optimiza tu estrategia digital y destaca en el mundo digital con nuestro apoyo especializado.<\/div>\n<\/li>\n<li>\n<p>        <img decoding=\"async\" src=\"\/wp-content\/uploads\/2024\/02\/ux-design.svg\" alt=\"\"><\/p>\n<h3>UX \/ UI<\/h3>\n<div>Mejoramos la experiencia del usuario y el dise\u00f1o de interfaces para destacar tu producto. Optimiza la usabilidad y cautiva a tus usuarios con nuestras soluciones.<\/div>\n<\/li>\n<li>\n<p>        <img decoding=\"async\" src=\"\/wp-content\/uploads\/home-services-04.svg\" alt=\"\"><\/p>\n<h3>Soporte t\u00e9cnico<\/h3>\n<div>Brindamos soporte t\u00e9cnico web confiable y eficiente. Solucionamos problemas r\u00e1pidamente para garantizar el funcionamiento ininterrumpido de tu sitio y servicios en l\u00ednea.<\/div>\n<\/li>\n<\/ul>\n<div>\n<p>MBA en Marketing<\/p>\n<\/div>\n<h2>JOS\u00c9 GONZ\u00c1LEZ<\/h2>\n<div>\n<p>A trav\u00e9s de estrategias de comunicaci\u00f3n digital creativas y orientadas a resultados, ayudamos a que tu negocio gane relevancia, conecte con tu audiencia y crezca de forma sostenible.<\/p>\n<\/div>\n<p>\n    <a href=\"https:\/\/wa.link\/le3lvy\">Escr\u00edbeme<\/a>\n<\/p>\n<h2><a href=\"#\">\u00daltimos proyecto<\/a><\/h2>\n<p>\n    <a href=\"#\">Ver todos<\/a>\n<\/p>\n<ul>\n<li>\n<p>        <img decoding=\"async\" src=\"\/wp-content\/uploads\/2024\/02\/intec.jpg\" alt=\"\"><\/p>\n<h3>Instituto Tecnol\u00f3gico de Santo Domingo<\/h3>\n<p><a href=\"\" >INTEC<\/a><\/p>\n<p><a href=\"https:\/\/intec.edu.do\"><\/a><\/p>\n<\/li>\n<li>\n<p>        <img decoding=\"async\" src=\"\/wp-content\/uploads\/2024\/02\/ainep-p.jpg\" alt=\"\"><\/p>\n<h3>Asociaci\u00f3n de Instituciones Educativas Privadas<\/h3>\n<p><a href=\"\" >AINEP<\/a><\/p>\n<p><a href=\"https:\/\/ainep.edu.do\"><\/a><\/p>\n<\/li>\n<li>\n<p>        <img decoding=\"async\" src=\"\/wp-content\/uploads\/2024\/02\/jmm.jpg\" alt=\"\"><\/p>\n<h3>Colegi\u00f3 Jaime Molina Mota<\/h3>\n<p><a href=\"\" >JMM<\/a><\/p>\n<p><a href=\"#\"><\/a><\/p>\n<\/li>\n<li>\n<p>        <img decoding=\"async\" src=\"\/wp-content\/uploads\/2024\/02\/cb-pg.jpg\" alt=\"\"><\/p>\n<h3>Carrasco Blade<\/h3>\n<p><a href=\"\" >CB<\/a><\/p>\n<p><a href=\"https:\/\/carrascoblade.com\"><\/a><\/p>\n<\/li>\n<\/ul>\n<p><!--more--><br \/>\n<!-- {\"type\":\"layout\",\"children\":[{\"name\":\"Hero\",\"type\":\"section\",\"props\":{\"animation\":\"slide-left-medium\",\"animation_delay\":false,\"height\":\"section\",\"height_offset_top\":true,\"image\":\"wp-content\\\/uploads\\\/2024\\\/02\\\/fondo-oscuro.png\",\"image_position\":\"center-center\",\"image_size\":\"cover\",\"style\":\"default\",\"title_breakpoint\":\"xl\",\"title_position\":\"top-left\",\"title_rotation\":\"left\",\"vertical_align\":\"middle\",\"width\":\"default\"},\"children\":[{\"type\":\"row\",\"props\":{\"column_gap\":\"large\",\"layout\":\"1-2,1-2\",\"row_gap\":\"large\",\"vertical_align\":true},\"children\":[{\"type\":\"column\",\"props\":{\"image_position\":\"center-center\",\"position_sticky_breakpoint\":\"m\",\"vertical_align\":\"middle\",\"width_medium\":\"1-2\"},\"children\":[{\"type\":\"headline\",\"props\":{\"content\":\"Que ofrecemos\",\"css\":\".el-element {\\ncolor:#fff;\\n}\",\"margin_remove_bottom\":false,\"text_align\":\"left\",\"text_align_breakpoint\":\"m\",\"text_align_fallback\":\"center\",\"title_element\":\"div\",\"title_style\":\"h6\"}},{\"type\":\"headline\",\"props\":{\"block_align\":\"center\",\"content\":\"Servicios especializados de dise\\u00f1o web\",\"css\":\".el-element {\\n    padding:0;\\n    margin:0 0 0 -2px;\\n}\",\"margin_remove_top\":false,\"maxwidth\":\"xlarge\",\"text_align\":\"left\",\"text_align_breakpoint\":\"m\",\"text_align_fallback\":\"center\",\"title_color\":\"primary\",\"title_element\":\"h1\",\"title_style\":\"h1\"}},{\"type\":\"text\",\"props\":{\"block_align_breakpoint\":\"m\",\"block_align_fallback\":\"center\",\"column_breakpoint\":\"m\",\"content\":\"Nos comprometemos por impulsar el \\u00e9xito de su negocio. Nos esforzamos por construir una presencia digital impactante y funcional para cada empresa, adapt\\u00e1ndonos a sus necesidades espec\\u00edficas.\",\"css\":\".el-element {\\ncolor:#fff;\\n}\",\"margin\":\"default\",\"maxwidth\":\"xlarge\",\"text_align\":\"left\",\"text_align_breakpoint\":\"m\",\"text_align_fallback\":\"center\"}},{\"type\":\"button\",\"props\":{\"css\":\".el-content {\\ncolor:#000;\\n}\",\"grid_column_gap\":\"small\",\"grid_row_gap\":\"small\",\"margin\":\"large\",\"text_align\":\"left\",\"text_align_breakpoint\":\"m\",\"text_align_fallback\":\"center\"},\"children\":[{\"type\":\"button_item\",\"props\":{\"button_style\":\"primary\",\"content\":\"Ver m\\u00e1s\",\"icon_align\":\"left\",\"link\":\"#\",\"link_title\":\"Explore\"}}]}]},{\"type\":\"column\",\"props\":{\"image_position\":\"center-center\",\"position_sticky_breakpoint\":\"m\",\"vertical_align\":\"middle\",\"width_medium\":\"1-2\"},\"children\":[{\"type\":\"image\",\"props\":{\"animation\":\"slide-right\",\"image\":\"wp-content\\\/uploads\\\/2024\\\/02\\\/ainep-2.png\",\"image_loading\":true,\"image_svg_color\":\"emphasis\",\"margin\":\"default\",\"text_align\":\"center\"}}]}]}]},{\"name\":\"Customers\",\"type\":\"section\",\"props\":{\"animation\":\"slide-bottom-small\",\"animation_delay\":false,\"class\":\"tm-section-box-shadow\",\"css\":\".el-section {\\n\\tposition: relative;\\n\\tbox-shadow: 0 0 35px rgba(0,0,0,0.04);\\n}\",\"image_position\":\"center-center\",\"image_size\":\"cover\",\"padding\":\"small\",\"style\":\"default\",\"title_breakpoint\":\"xl\",\"title_position\":\"top-left\",\"title_rotation\":\"left\",\"vertical_align\":\"middle\",\"width\":\"large\"},\"children\":[{\"type\":\"row\",\"props\":{\"vertical_align\":true},\"children\":[{\"type\":\"column\",\"props\":{\"image_position\":\"center-center\",\"position_sticky_breakpoint\":\"m\",\"vertical_align\":\"middle\"},\"children\":[{\"type\":\"headline\",\"props\":{\"content\":\"Marcas que depositaron su confianza\",\"text_align\":\"center\",\"text_align_breakpoint\":\"l\",\"text_align_fallback\":\"center\",\"title_color\":\"secondary\",\"title_decoration\":\"line\",\"title_element\":\"h2\",\"title_style\":\"h4\"}},{\"type\":\"grid\",\"props\":{\"content_column_breakpoint\":\"m\",\"filter_align\":\"left\",\"filter_all\":true,\"filter_grid_breakpoint\":\"m\",\"filter_grid_width\":\"auto\",\"filter_position\":\"top\",\"filter_style\":\"tab\",\"grid_default\":\"1\",\"grid_medium\":\"\",\"grid_small\":\"4\",\"icon_ratio\":4,\"icon_width\":80,\"image_align\":\"top\",\"image_grid_breakpoint\":\"m\",\"image_grid_width\":\"1-2\",\"image_link\":true,\"image_svg_color\":\"emphasis\",\"item_animation\":true,\"link_style\":\"default\",\"link_text\":\"\",\"margin\":\"default\",\"meta_align\":\"below-title\",\"meta_element\":\"div\",\"meta_style\":\"text-meta\",\"parallax_easing\":\"1\",\"show_content\":true,\"show_image\":true,\"show_link\":true,\"show_meta\":true,\"show_title\":false,\"text_align\":\"center\",\"title_align\":\"top\",\"title_element\":\"h3\",\"title_grid_breakpoint\":\"m\",\"title_grid_width\":\"1-2\",\"title_hover_style\":\"reset\",\"title_link\":true},\"children\":[{\"type\":\"grid_item\",\"props\":{\"content\":\"\",\"image\":\"wp-content\\\/uploads\\\/2024\\\/02\\\/intec-1.png\",\"link\":\"#\",\"title\":\"INTEC\"}},{\"type\":\"grid_item\",\"props\":{\"content\":\"\",\"image\":\"wp-content\\\/uploads\\\/2024\\\/02\\\/ainep-2-2.png\",\"link\":\"#\",\"title\":\"AINEP\"}},{\"type\":\"grid_item\",\"props\":{\"content\":\"\",\"image\":\"wp-content\\\/uploads\\\/2024\\\/02\\\/jmm.png\",\"link\":\"#\",\"title\":\"Show4yu\"}},{\"type\":\"grid_item\",\"props\":{\"content\":\"\",\"image\":\"wp-content\\\/uploads\\\/2024\\\/02\\\/carrascoblade-1.png\",\"link\":\"#\",\"title\":\"Carrasco Blade\"}}]}]}]}]},{\"name\":\"Services\",\"type\":\"section\",\"props\":{\"animation\":\"slide-left-medium\",\"id\":\"servicios\",\"image_position\":\"center-center\",\"image_size\":\"cover\",\"padding\":\"large\",\"style\":\"muted\",\"title_breakpoint\":\"xl\",\"title_position\":\"top-left\",\"title_rotation\":\"left\",\"vertical_align\":\"middle\",\"width\":\"large\"},\"children\":[{\"type\":\"row\",\"props\":{\"column_gap\":\"large\",\"layout\":\"large,expand\",\"row_gap\":\"large\",\"vertical_align\":true},\"children\":[{\"type\":\"column\",\"props\":{\"image_position\":\"center-center\",\"position_sticky_breakpoint\":\"m\",\"vertical_align\":\"middle\",\"width_large\":\"xlarge\",\"width_medium\":\"large\"},\"children\":[{\"type\":\"panel\",\"props\":{\"content\":\"\n\n<p>Permanecemos en constante actualizaci\\u00f3n con el objetivo de proporcionar servicios de alta calidad, atenci\\u00f3n personalizada y productos que no solo cumplan, sino que superen sus expectativas.<\\\/p>\",\"content_column_breakpoint\":\"m\",\"css\":\"@media screen and (max-width:768px){\\n    .el-title {\\n    font-size:1.4rem;\\n    }\\n}\",\"icon_width\":80,\"image_align\":\"top\",\"image_grid_breakpoint\":\"m\",\"image_grid_width\":\"1-2\",\"image_svg_color\":\"emphasis\",\"link\":\"#\",\"link_margin\":\"large\",\"link_style\":\"text\",\"link_target\":false,\"link_text\":\"Ver detalle\",\"margin\":\"default\",\"meta\":\"Productos & Servicios\",\"meta_align\":\"above-title\",\"meta_color\":\"primary\",\"meta_element\":\"div\",\"meta_style\":\"h6\",\"panel_padding\":\"large\",\"panel_style\":\"card-default\",\"text_align\":\"left\",\"title\":\"servicios adaptados para satisfacer sus necesidades espec\\u00edficas\",\"title_align\":\"top\",\"title_element\":\"h2\",\"title_grid_breakpoint\":\"m\",\"title_grid_width\":\"1-2\",\"title_hover_style\":\"reset\",\"title_style\":\"h1\"}}]},{\"type\":\"column\",\"props\":{\"image_position\":\"center-center\",\"position_sticky_breakpoint\":\"m\",\"vertical_align\":\"middle\",\"width_medium\":\"expand\"},\"children\":[{\"type\":\"grid\",\"props\":{\"content_column_breakpoint\":\"m\",\"filter_align\":\"left\",\"filter_all\":true,\"filter_grid_breakpoint\":\"m\",\"filter_grid_width\":\"auto\",\"filter_position\":\"top\",\"filter_style\":\"tab\",\"grid_column_gap\":\"large\",\"grid_default\":\"1\",\"grid_medium\":\"\",\"grid_row_gap\":\"large\",\"grid_small\":\"2\",\"icon_ratio\":4,\"icon_width\":80,\"image_align\":\"top\",\"image_grid_breakpoint\":\"m\",\"image_grid_width\":\"1-2\",\"image_svg_animate\":true,\"image_svg_color\":\"primary\",\"image_svg_inline\":true,\"image_width\":\"35\",\"item_animation\":true,\"link_style\":\"default\",\"link_text\":\"Read more\",\"margin\":\"medium\",\"meta_align\":\"below-title\",\"meta_element\":\"div\",\"meta_style\":\"text-meta\",\"parallax_easing\":\"1\",\"show_content\":true,\"show_image\":true,\"show_link\":true,\"show_meta\":true,\"show_title\":true,\"text_align\":\"left\",\"title_align\":\"top\",\"title_element\":\"h3\",\"title_grid_breakpoint\":\"m\",\"title_grid_width\":\"1-2\",\"title_hover_style\":\"reset\",\"title_style\":\"h4\"},\"children\":[{\"type\":\"grid_item\",\"props\":{\"content\":\"\\u00a1Ofrecemos innovaci\\u00f3n y creatividad en cada proyecto web, con el compromiso de impulsar tu visibilidad y \\u00e9xito digital!\",\"image\":\"wp-content\\\/uploads\\\/2024\\\/02\\\/digital-services.svg\",\"title\":\"Dise\\u00f1o web\"}},{\"type\":\"grid_item\",\"props\":{\"content\":\"Contamos con la experiencia para crear dise\\u00f1os innovadores que impulsen sus ventas. \\u00a1Garantizamos experiencia y creatividad en cada proyecto!\",\"image\":\"wp-content\\\/uploads\\\/2024\\\/02\\\/communication.svg\",\"title\":\"Dise\\u00f1o Gr\\u00e1fico\"}},{\"type\":\"grid_item\",\"props\":{\"content\":\"Potenciamos tu presencia en l\\u00ednea, con asesor\\u00eda web personalizada. Optimiza tu estrategia digital y destaca en el mundo digital con nuestro apoyo especializado.\",\"image\":\"wp-content\\\/uploads\\\/2024\\\/02\\\/communication.svg\",\"title\":\"Asesoria\"}},{\"type\":\"grid_item\",\"props\":{\"content\":\"Mejoramos la experiencia del usuario y el dise\\u00f1o de interfaces para destacar tu producto. Optimiza la usabilidad y cautiva a tus usuarios con nuestras soluciones.\",\"image\":\"wp-content\\\/uploads\\\/2024\\\/02\\\/ux-design.svg\",\"title\":\"UX \\\/ UI\"}},{\"type\":\"grid_item\",\"props\":{\"content\":\"Brindamos soporte t\\u00e9cnico web confiable y eficiente. Solucionamos problemas r\\u00e1pidamente para garantizar el funcionamiento ininterrumpido de tu sitio y servicios en l\\u00ednea.\",\"image\":\"wp-content\\\/uploads\\\/home-services-04.svg\",\"title\":\"Soporte t\\u00e9cnico\"}}]}]}]}]},{\"name\":\"About us\",\"type\":\"section\",\"props\":{\"animation\":\"slide-right-medium\",\"height\":\"viewport\",\"image\":\"wp-content\\\/uploads\\\/2025\\\/06\\\/josegp.png\",\"image_effect\":\"parallax\",\"image_parallax_bgy\":\"310\",\"image_position\":\"bottom-left\",\"image_size\":\"contain\",\"image_width\":\"2560\",\"media_overlay\":\"rgba(0,0,0,0)\",\"media_visibility\":\"m\",\"style\":\"secondary\",\"title_breakpoint\":\"xl\",\"title_position\":\"top-left\",\"title_rotation\":\"left\",\"vertical_align\":\"middle\",\"width\":\"default\"},\"children\":[{\"type\":\"row\",\"props\":{\"column_gap\":\"large\",\"layout\":\"2-5,3-5\",\"row_gap\":\"large\"},\"children\":[{\"type\":\"column\",\"props\":{\"image_position\":\"center-center\",\"position_sticky_breakpoint\":\"m\",\"width_medium\":\"2-5\"}},{\"type\":\"column\",\"props\":{\"image_position\":\"center-center\",\"position_sticky_breakpoint\":\"m\",\"vertical_align\":\"middle\",\"width_medium\":\"3-5\"},\"children\":[{\"type\":\"text\",\"props\":{\"column_breakpoint\":\"m\",\"content\":\"\n\n<p>MBA en Marketing<\\\/p>\",\"margin\":\"default\",\"text_align\":\"center\",\"text_color\":\"primary\",\"text_style\":\"meta\"}},{\"type\":\"headline\",\"props\":{\"block_align\":\"center\",\"content\":\"JOS\\u00c9 GONZ\\u00c1LEZ\",\"margin\":\"medium\",\"margin_remove_top\":true,\"maxwidth\":\"xlarge\",\"text_align\":\"center\",\"title_element\":\"h2\",\"title_style\":\"h1\"}},{\"type\":\"text\",\"props\":{\"block_align\":\"center\",\"column_breakpoint\":\"m\",\"content\":\"\n\n<p>A trav\\u00e9s de estrategias de comunicaci\\u00f3n digital creativas y orientadas a resultados, ayudamos a que tu negocio gane relevancia, conecte con tu audiencia y crezca de forma sostenible.<\\\/p>\",\"margin\":\"default\",\"maxwidth\":\"xlarge\",\"text_align\":\"center\"}},{\"type\":\"button\",\"props\":{\"grid_column_gap\":\"small\",\"grid_row_gap\":\"small\",\"margin\":\"default\",\"text_align\":\"center\"},\"children\":[{\"type\":\"button_item\",\"props\":{\"button_style\":\"default\",\"content\":\"Escr\\u00edbeme\",\"icon\":\"whatsapp\",\"icon_align\":\"left\",\"link\":\"https:\\\/\\\/wa.link\\\/le3lvy\"}}]}]}]}]},{\"name\":\"Products\",\"type\":\"section\",\"props\":{\"animation\":\"slide-top-small\",\"animation_delay\":\"200\",\"height\":\"viewport\",\"image_position\":\"center-center\",\"image_size\":\"cover\",\"padding\":\"large\",\"status\":\"disabled\",\"style\":\"muted\",\"title_breakpoint\":\"xl\",\"title_position\":\"top-left\",\"title_rotation\":\"left\",\"vertical_align\":\"middle\",\"width\":\"default\"},\"children\":[{\"type\":\"row\",\"children\":[{\"type\":\"column\",\"props\":{\"image_position\":\"center-center\",\"position_sticky_breakpoint\":\"m\",\"width_medium\":\"1-1\"},\"children\":[{\"type\":\"text\",\"props\":{\"column_breakpoint\":\"m\",\"content\":\"Products\",\"margin\":\"default\",\"text_align\":\"center\",\"text_color\":\"primary\",\"text_style\":\"meta\"}},{\"type\":\"headline\",\"props\":{\"content\":\"Let your mind explore\",\"margin_remove_top\":true,\"text_align\":\"center\",\"title_element\":\"h2\",\"title_style\":\"h1\"}},{\"type\":\"text\",\"props\":{\"block_align\":\"center\",\"column_breakpoint\":\"m\",\"content\":\"Lorem ipsum dolor sit amet, consectetur adipiscing elit, sed do eiusmod tempor incididunt ut labore et dolore magna aliqua. Ut enim ad minim veniam, quis nostrud exercitation ullamco laboris nisi ut aliquip ex ea commodo consequat. Duis aute irure dolor.\",\"margin\":\"medium\",\"margin_remove_bottom\":true,\"maxwidth\":\"xlarge\",\"text_align\":\"center\"}},{\"type\":\"image\",\"props\":{\"image\":\"wp-content\\\/uploads\\\/home-tablet.png\",\"image_svg_color\":\"emphasis\",\"image_width\":\"810\",\"margin\":\"\",\"text_align\":\"center\"}},{\"type\":\"grid\",\"props\":{\"block_align\":\"center\",\"content_column_breakpoint\":\"m\",\"filter_align\":\"left\",\"filter_all\":true,\"filter_grid_breakpoint\":\"m\",\"filter_grid_width\":\"auto\",\"filter_position\":\"top\",\"filter_style\":\"tab\",\"grid_default\":\"1\",\"grid_medium\":\"3\",\"grid_row_gap\":\"large\",\"icon_ratio\":4,\"icon_width\":80,\"image_align\":\"top\",\"image_grid_breakpoint\":\"m\",\"image_grid_width\":\"1-2\",\"image_svg_color\":\"emphasis\",\"item_animation\":true,\"item_maxwidth\":\"large\",\"link_style\":\"default\",\"link_text\":\"Read more\",\"margin\":\"large\",\"meta_align\":\"below-title\",\"meta_element\":\"div\",\"meta_style\":\"text-meta\",\"parallax_easing\":\"1\",\"show_content\":true,\"show_image\":true,\"show_link\":true,\"show_meta\":true,\"show_title\":true,\"text_align\":\"center\",\"title_align\":\"top\",\"title_element\":\"h3\",\"title_grid_breakpoint\":\"m\",\"title_grid_width\":\"1-2\",\"title_hover_style\":\"reset\"},\"children\":[{\"type\":\"grid_item\",\"props\":{\"content\":\"Lorem ipsum dolor sit amet, consectetuer adipiscing elit. Aenea ligula eget dolor.\",\"title\":\"Easy to use\"}},{\"type\":\"grid_item\",\"props\":{\"content\":\"Lorem ipsum dolor sit amet, consectetuer adipiscing elit. Aenea ligula eget dolor.\",\"title\":\"Customer Friendly\"}},{\"type\":\"grid_item\",\"props\":{\"content\":\"Lorem ipsum dolor sit amet, consectetuer adipiscing elit. Aenea ligula eget dolor.\",\"title\":\"Clever Features\"}}]}]}]}]},{\"name\":\"Latest Accommodations\",\"type\":\"section\",\"props\":{\"animation\":\"fade\",\"header_overlay\":\"light\",\"height_viewport\":false,\"id\":\"proyectos\",\"image_position\":\"center-center\",\"image_size\":\"cover\",\"padding\":\"large\",\"padding_remove_bottom\":false,\"padding_remove_top\":false,\"style\":\"default\",\"title_breakpoint\":\"xl\",\"title_position\":\"top-left\",\"title_rotation\":\"left\",\"vertical_align\":\"middle\",\"width\":\"\"},\"children\":[{\"type\":\"row\",\"children\":[{\"type\":\"column\",\"props\":{\"image_position\":\"center-center\",\"position_sticky_breakpoint\":\"m\",\"vertical_align\":\"middle\",\"width_default\":\"expand\"},\"children\":[{\"type\":\"headline\",\"props\":{\"animation\":\"none\",\"block_align\":\"center\",\"content\":\"\\u00daltimos proyecto\",\"link\":\"#\",\"text_align_fallback\":\"center\",\"title_element\":\"h2\",\"title_style\":\"h3\"}}]},{\"type\":\"column\",\"props\":{\"image_position\":\"center-center\",\"position_sticky_breakpoint\":\"m\",\"vertical_align\":\"middle\",\"width_default\":\"auto\"},\"children\":[{\"type\":\"button\",\"props\":{\"animation\":\"none\",\"grid_column_gap\":\"small\",\"grid_row_gap\":\"small\",\"inline_align\":\"center\",\"margin\":\"medium\",\"text_align\":\"right\"},\"children\":[{\"type\":\"button_item\",\"props\":{\"button_style\":\"text\",\"content\":\"Ver todos\",\"icon_align\":\"left\",\"link\":\"#\"}}]}]}],\"props\":{\"layout\":\"1-2,1-2\",\"width\":\"large\"}},{\"type\":\"row\",\"props\":{\"margin\":\"default\",\"padding_remove_horizontal\":false,\"width\":\"large\",\"width_expand\":\"right\"},\"children\":[{\"type\":\"column\",\"props\":{\"image_position\":\"center-center\",\"position_sticky_breakpoint\":\"m\"},\"children\":[{\"type\":\"panel-slider\",\"props\":{\"container_padding_remove\":true,\"content_column_breakpoint\":\"m\",\"content_margin\":\"remove\",\"css\":\"@media (max-width: 959px) {\\n    \\n    .el-image {\\n    \\twidth: 500px;\\n    }\\n    \\n}\\n\\n@media (max-width: 639px) {\\n    \\n    .el-image {\\n    \\twidth: 300px;\\n    }\\n    \\n}\",\"icon_width\":80,\"image_align\":\"top\",\"image_grid_breakpoint\":\"m\",\"image_grid_width\":\"1-2\",\"image_link\":true,\"image_loading\":true,\"image_svg_color\":\"emphasis\",\"image_transition\":\"scale-down\",\"image_width\":\"690\",\"link_style\":\"default\",\"link_text\":\"\",\"margin\":\"default\",\"meta_align\":\"above-title\",\"meta_color\":\"primary\",\"meta_element\":\"div\",\"meta_style\":\"h6\",\"nav\":\"\",\"nav_align\":\"center\",\"nav_breakpoint\":\"s\",\"panel_link\":false,\"panel_match\":true,\"show_content\":true,\"show_image\":true,\"show_link\":true,\"show_meta\":true,\"show_title\":true,\"slidenav\":\"\",\"slidenav_breakpoint\":\"xl\",\"slidenav_margin\":\"medium\",\"slidenav_outside_breakpoint\":\"xl\",\"slider_autoplay_pause\":true,\"slider_gap\":\"small\",\"slider_width\":\"\",\"slider_width_default\":\"1-1\",\"slider_width_medium\":\"1-3\",\"title_align\":\"top\",\"title_element\":\"h3\",\"title_grid_breakpoint\":\"m\",\"title_grid_width\":\"1-2\",\"title_hover_style\":\"reset\",\"title_link\":true,\"title_margin\":\"remove\",\"title_style\":\"h5\"},\"children\":[{\"type\":\"panel-slider_item\",\"props\":{\"image\":\"wp-content\\\/uploads\\\/2024\\\/02\\\/intec.jpg\",\"item_element\":\"article\",\"link\":\"https:\\\/\\\/intec.edu.do\",\"meta\":\"<a href=\\\"\\\" >INTEC<\\\/a>\",\"title\":\"Instituto Tecnol\\u00f3gico de Santo Domingo\"}},{\"type\":\"panel-slider_item\",\"props\":{\"image\":\"wp-content\\\/uploads\\\/2024\\\/02\\\/ainep-p.jpg\",\"item_element\":\"article\",\"link\":\"https:\\\/\\\/ainep.edu.do\",\"meta\":\"<a href=\\\"\\\" >AINEP<\\\/a>\",\"title\":\"Asociaci\\u00f3n de Instituciones Educativas Privadas\"}},{\"type\":\"panel-slider_item\",\"props\":{\"image\":\"wp-content\\\/uploads\\\/2024\\\/02\\\/jmm.jpg\",\"item_element\":\"article\",\"link\":\"#\",\"meta\":\"<a href=\\\"\\\" >JMM<\\\/a>\",\"title\":\"Colegi\\u00f3 Jaime Molina Mota\"}},{\"type\":\"panel-slider_item\",\"props\":{\"image\":\"wp-content\\\/uploads\\\/2024\\\/02\\\/cb-pg.jpg\",\"item_element\":\"article\",\"link\":\"https:\\\/\\\/carrascoblade.com\",\"meta\":\"<a href=\\\"\\\" >CB<\\\/a>\",\"title\":\"Carrasco Blade\"}}]}]}]}]}],\"version\":\"4.3.4\"} --><\/p>\n","protected":false},"excerpt":{"rendered":"<p>Que ofrecemos Servicios especializados de dise\u00f1o web Nos comprometemos por impulsar el \u00e9xito de su negocio. Nos esforzamos por construir una presencia digital impactante y funcional para cada empresa, adapt\u00e1ndonos a sus necesidades espec\u00edficas. Ver m\u00e1s Marcas que depositaron su confianza INTEC AINEP Show4yu Carrasco Blade servicios adaptados para satisfacer sus necesidades espec\u00edficas Productos &#038; [&hellip;]<\/p>\n","protected":false},"author":1,"featured_media":0,"parent":0,"menu_order":0,"comment_status":"closed","ping_status":"closed","template":"","meta":{"_monsterinsights_skip_tracking":false,"_monsterinsights_sitenote_active":false,"_monsterinsights_sitenote_note":"","_monsterinsights_sitenote_category":0,"footnotes":""},"aioseo_notices":[],"_links":{"self":[{"href":"https:\/\/josegp.com\/index.php?rest_route=\/wp\/v2\/pages\/13"}],"collection":[{"href":"https:\/\/josegp.com\/index.php?rest_route=\/wp\/v2\/pages"}],"about":[{"href":"https:\/\/josegp.com\/index.php?rest_route=\/wp\/v2\/types\/page"}],"author":[{"embeddable":true,"href":"https:\/\/josegp.com\/index.php?rest_route=\/wp\/v2\/users\/1"}],"replies":[{"embeddable":true,"href":"https:\/\/josegp.com\/index.php?rest_route=%2Fwp%2Fv2%2Fcomments&post=13"}],"version-history":[{"count":51,"href":"https:\/\/josegp.com\/index.php?rest_route=\/wp\/v2\/pages\/13\/revisions"}],"predecessor-version":[{"id":139,"href":"https:\/\/josegp.com\/index.php?rest_route=\/wp\/v2\/pages\/13\/revisions\/139"}],"wp:attachment":[{"href":"https:\/\/josegp.com\/index.php?rest_route=%2Fwp%2Fv2%2Fmedia&parent=13"}],"curies":[{"name":"wp","href":"https:\/\/api.w.org\/{rel}","templated":true}]}}